{"id":391,"date":"2020-05-11T21:06:08","date_gmt":"2020-05-11T19:06:08","guid":{"rendered":"https:\/\/www.sophie-bertrand.fr\/macarons\/?page_id=391"},"modified":"2020-06-25T10:11:49","modified_gmt":"2020-06-25T08:11:49","slug":"a-propos","status":"publish","type":"page","link":"https:\/\/www.sophie-bertrand.fr\/macarons\/a-propos\/","title":{"rendered":"\u00c0 propos"},"content":{"rendered":"<p>[et_pb_section fb_built=\u00a0\u00bb1&Prime; admin_label=\u00a0\u00bbPost Body\u00a0\u00bb _builder_version=\u00a0\u00bb4.3.4&Prime; locked=\u00a0\u00bboff\u00a0\u00bb][et_pb_row _builder_version=\u00a0\u00bb4.3.4&Prime; locked=\u00a0\u00bboff\u00a0\u00bb][et_pb_column type=\u00a0\u00bb4_4&Prime; _builder_version=\u00a0\u00bb4.3.4&Prime;][et_pb_image src=\u00a0\u00bbhttps:\/\/www.sophie-bertrand.fr\/macarons\/wp-content\/uploads\/2020\/06\/titreHistoire.png\u00a0\u00bb align=\u00a0\u00bbcenter\u00a0\u00bb _builder_version=\u00a0\u00bb4.4.1&Prime; width=\u00a0\u00bb30%\u00a0\u00bb width_tablet=\u00a0\u00bb45%\u00a0\u00bb width_phone=\u00a0\u00bb65%\u00a0\u00bb width_last_edited=\u00a0\u00bbon|phone\u00a0\u00bb][\/et_pb_image][\/et_pb_column][\/et_pb_row][et_pb_row column_structure=\u00a0\u00bb1_2,1_2&Prime; _builder_version=\u00a0\u00bb4.4.1&Prime; width=\u00a0\u00bb100%\u00a0\u00bb width_tablet=\u00a0\u00bb80%\u00a0\u00bb width_phone=\u00a0\u00bb\u00a0\u00bb width_last_edited=\u00a0\u00bbon|phone\u00a0\u00bb max_width=\u00a0\u00bb1215px\u00a0\u00bb locked=\u00a0\u00bboff\u00a0\u00bb][et_pb_column type=\u00a0\u00bb1_2&Prime; _builder_version=\u00a0\u00bb4.3.4&Prime;][et_pb_image src=\u00a0\u00bbhttps:\/\/www.sophie-bertrand.fr\/macarons\/wp-content\/uploads\/2020\/05\/michael-parulava-oiHXEGyAkwQ-unsplash-copie.jpg\u00a0\u00bb _builder_version=\u00a0\u00bb4.4.1&Prime; locked=\u00a0\u00bboff\u00a0\u00bb][\/et_pb_image][et_pb_divider show_divider=\u00a0\u00bboff\u00a0\u00bb disabled_on=\u00a0\u00bbon|on|off\u00a0\u00bb _builder_version=\u00a0\u00bb4.4.1&Prime; transform_translate_linked=\u00a0\u00bboff\u00a0\u00bb positioning=\u00a0\u00bbabsolute\u00a0\u00bb position_origin_a=\u00a0\u00bbcenter_left\u00a0\u00bb vertical_offset=\u00a0\u00bb204px\u00a0\u00bb horizontal_offset=\u00a0\u00bb-40px\u00a0\u00bb z_index=\u00a0\u00bb-1&Prime; vertical_offset_tablet=\u00a0\u00bb-4vw\u00a0\u00bb vertical_offset_phone=\u00a0\u00bb-6vw\u00a0\u00bb vertical_offset_last_edited=\u00a0\u00bboff|desktop\u00a0\u00bb horizontal_offset_tablet=\u00a0\u00bb-32px\u00a0\u00bb horizontal_offset_phone=\u00a0\u00bb-6vw\u00a0\u00bb horizontal_offset_last_edited=\u00a0\u00bbon|tablet\u00a0\u00bb width=\u00a0\u00bb70%\u00a0\u00bb width_tablet=\u00a0\u00bb68%\u00a0\u00bb width_phone=\u00a0\u00bb70%\u00a0\u00bb width_last_edited=\u00a0\u00bbon|phone\u00a0\u00bb height=\u00a0\u00bb50%\u00a0\u00bb height_tablet=\u00a0\u00bb50%\u00a0\u00bb height_phone=\u00a0\u00bb50%\u00a0\u00bb height_last_edited=\u00a0\u00bbon|tablet\u00a0\u00bb custom_margin=\u00a0\u00bb-145px|0px||0px|false|false\u00a0\u00bb custom_margin_tablet=\u00a0\u00bb-357px|||0px|false|false\u00a0\u00bb custom_margin_phone=\u00a0\u00bb-238px||||false|false\u00a0\u00bb custom_margin_last_edited=\u00a0\u00bbon|phone\u00a0\u00bb custom_padding=\u00a0\u00bb|0px||||\u00a0\u00bb border_width_all=\u00a0\u00bb2px\u00a0\u00bb border_color_all=\u00a0\u00bbrgba(216,200,165,0.6)\u00a0\u00bb locked=\u00a0\u00bboff\u00a0\u00bb][\/et_pb_divider][\/et_pb_column][et_pb_column type=\u00a0\u00bb1_2&Prime; _builder_version=\u00a0\u00bb4.3.4&Prime;][et_pb_text _builder_version=\u00a0\u00bb4.4.1&Prime; text_font=\u00a0\u00bbMontserrat|300|||||||\u00a0\u00bb text_text_color=\u00a0\u00bb#3b2e4c\u00a0\u00bb text_font_size=\u00a0\u00bb16px\u00a0\u00bb header_2_font=\u00a0\u00bbMontserrat|300|||||||\u00a0\u00bb header_2_text_align=\u00a0\u00bbleft\u00a0\u00bb header_2_text_color=\u00a0\u00bb#3b2e4C\u00a0\u00bb header_2_font_size=\u00a0\u00bb30px\u00a0\u00bb text_orientation=\u00a0\u00bbjustified\u00a0\u00bb custom_margin=\u00a0\u00bb43px|||||\u00a0\u00bb custom_padding=\u00a0\u00bb|3px||||\u00a0\u00bb hover_enabled=\u00a0\u00bb0&Prime; text_font_size_tablet=\u00a0\u00bb15px\u00a0\u00bb text_font_size_phone=\u00a0\u00bb14px\u00a0\u00bb text_font_size_last_edited=\u00a0\u00bbon|phone\u00a0\u00bb header_2_font_size_tablet=\u00a0\u00bb42px\u00a0\u00bb header_2_font_size_phone=\u00a0\u00bb34px\u00a0\u00bb header_2_font_size_last_edited=\u00a0\u00bbon|tablet\u00a0\u00bb text_text_align=\u00a0\u00bbjustify\u00a0\u00bb locked=\u00a0\u00bboff\u00a0\u00bb header_2_2_font_size_tablet=\u00a0\u00bb42px\u00a0\u00bb header_3_2_font_size_tablet=\u00a0\u00bb42px\u00a0\u00bb header_4_2_font_size_tablet=\u00a0\u00bb42px\u00a0\u00bb header_5_2_font_size_tablet=\u00a0\u00bb42px\u00a0\u00bb header_6_2_font_size_tablet=\u00a0\u00bb42px\u00a0\u00bb header_2_2_font_size_phone=\u00a0\u00bb34px\u00a0\u00bb header_3_2_font_size_phone=\u00a0\u00bb34px\u00a0\u00bb header_4_2_font_size_phone=\u00a0\u00bb34px\u00a0\u00bb header_5_2_font_size_phone=\u00a0\u00bb34px\u00a0\u00bb header_6_2_font_size_phone=\u00a0\u00bb34px\u00a0\u00bb header_2_2_font_size_last_edited=\u00a0\u00bbon|tablet\u00a0\u00bb header_3_2_font_size_last_edited=\u00a0\u00bbon|tablet\u00a0\u00bb header_4_2_font_size_last_edited=\u00a0\u00bbon|tablet\u00a0\u00bb header_5_2_font_size_last_edited=\u00a0\u00bbon|tablet\u00a0\u00bb header_6_2_font_size_last_edited=\u00a0\u00bbon|tablet\u00a0\u00bb header_2_3_font_size_tablet=\u00a0\u00bb34px\u00a0\u00bb header_3_3_font_size_tablet=\u00a0\u00bb34px\u00a0\u00bb header_4_3_font_size_tablet=\u00a0\u00bb34px\u00a0\u00bb header_5_3_font_size_tablet=\u00a0\u00bb34px\u00a0\u00bb header_6_3_font_size_tablet=\u00a0\u00bb34px\u00a0\u00bb header_2_3_font_size_phone=\u00a0\u00bb28px\u00a0\u00bb header_3_3_font_size_phone=\u00a0\u00bb28px\u00a0\u00bb header_4_3_font_size_phone=\u00a0\u00bb28px\u00a0\u00bb header_5_3_font_size_phone=\u00a0\u00bb28px\u00a0\u00bb header_6_3_font_size_phone=\u00a0\u00bb28px\u00a0\u00bb header_2_3_font_size_last_edited=\u00a0\u00bbon|phone\u00a0\u00bb header_3_3_font_size_last_edited=\u00a0\u00bbon|phone\u00a0\u00bb header_4_3_font_size_last_edited=\u00a0\u00bbon|phone\u00a0\u00bb header_5_3_font_size_last_edited=\u00a0\u00bbon|phone\u00a0\u00bb header_6_3_font_size_last_edited=\u00a0\u00bbon|phone\u00a0\u00bb header_2_4_font_size_tablet=\u00a0\u00bb22px\u00a0\u00bb header_3_4_font_size_tablet=\u00a0\u00bb22px\u00a0\u00bb header_4_4_font_size_tablet=\u00a0\u00bb22px\u00a0\u00bb header_5_4_font_size_tablet=\u00a0\u00bb22px\u00a0\u00bb header_6_4_font_size_tablet=\u00a0\u00bb22px\u00a0\u00bb header_2_4_font_size_phone=\u00a0\u00bb18px\u00a0\u00bb header_3_4_font_size_phone=\u00a0\u00bb18px\u00a0\u00bb header_4_4_font_size_phone=\u00a0\u00bb18px\u00a0\u00bb header_5_4_font_size_phone=\u00a0\u00bb18px\u00a0\u00bb header_6_4_font_size_phone=\u00a0\u00bb18px\u00a0\u00bb header_2_4_font_size_last_edited=\u00a0\u00bbon|phone\u00a0\u00bb header_3_4_font_size_last_edited=\u00a0\u00bbon|phone\u00a0\u00bb header_4_4_font_size_last_edited=\u00a0\u00bbon|phone\u00a0\u00bb header_5_4_font_size_last_edited=\u00a0\u00bbon|phone\u00a0\u00bb header_6_4_font_size_last_edited=\u00a0\u00bbon|phone\u00a0\u00bb header_2_5_font_size_phone=\u00a0\u00bb16px\u00a0\u00bb header_3_5_font_size_phone=\u00a0\u00bb16px\u00a0\u00bb header_4_5_font_size_phone=\u00a0\u00bb16px\u00a0\u00bb header_5_5_font_size_phone=\u00a0\u00bb16px\u00a0\u00bb header_6_5_font_size_phone=\u00a0\u00bb16px\u00a0\u00bb header_2_5_font_size_last_edited=\u00a0\u00bbon|tablet\u00a0\u00bb header_3_5_font_size_last_edited=\u00a0\u00bbon|tablet\u00a0\u00bb header_4_5_font_size_last_edited=\u00a0\u00bbon|tablet\u00a0\u00bb header_5_5_font_size_last_edited=\u00a0\u00bbon|tablet\u00a0\u00bb header_6_5_font_size_last_edited=\u00a0\u00bbon|tablet\u00a0\u00bb]<\/p>\n<h2 style=\"text-align: left;\">Un v\u00e9ritable \u00e9loge de la gourmandise et de l\u2019innovation p\u00e2tissi\u00e8re.<\/h2>\n<p>&nbsp;<\/p>\n<p>Chaque moment de cr\u00e9ation se vit intens\u00e9ment, c\u2019est pour cette raison qu&rsquo;\u00e0 la mani\u00e8re des cr\u00e9ateurs de mode, nous imaginons de nouveaux macarons comme le cassis violette, le foie-gras Chocolat\u00a0 &#8230;<\/p>\n<p>Nous ne\u00a0 travaillons qu\u2019\u00e0 l\u2019\u00e9motion, qu\u2019\u00e0 la rencontre, qu\u2019au coup de c\u0153ur&#8230; En un mot qu\u2019\u00e0 la gourmandise au service des nombreuses papilles aussi bien des grands que des petits !<\/p>\n<p>Notre souhait est de faire rimer cr\u00e9ativit\u00e9, \u00e9motion et tradition afin de donner une d\u00e9finition tr\u00e8s personnelle de l\u2019art de vivre \u00e0 la fran\u00e7aise.<\/p>\n<p>&nbsp;<\/p>\n<p>[\/et_pb_text][\/et_pb_column][\/et_pb_row][et_pb_row column_structure=\u00a0\u00bb1_2,1_2&Prime; _builder_version=\u00a0\u00bb4.4.1&Prime; width=\u00a0\u00bb100%\u00a0\u00bb width_tablet=\u00a0\u00bb80%\u00a0\u00bb width_phone=\u00a0\u00bb\u00a0\u00bb width_last_edited=\u00a0\u00bbon|phone\u00a0\u00bb max_width=\u00a0\u00bb1215px\u00a0\u00bb hover_enabled=\u00a0\u00bb0&Prime; locked=\u00a0\u00bboff\u00a0\u00bb][et_pb_column type=\u00a0\u00bb1_2&Prime; _builder_version=\u00a0\u00bb4.3.4&Prime;][et_pb_text _builder_version=\u00a0\u00bb4.4.1&Prime; text_font=\u00a0\u00bbMontserrat|300|||||||\u00a0\u00bb text_text_color=\u00a0\u00bb#3b2e4c\u00a0\u00bb text_font_size=\u00a0\u00bb16px\u00a0\u00bb header_2_font=\u00a0\u00bbMontserrat|300|||||||\u00a0\u00bb header_2_text_align=\u00a0\u00bbleft\u00a0\u00bb header_2_text_color=\u00a0\u00bb#3b2e4C\u00a0\u00bb header_2_font_size=\u00a0\u00bb30px\u00a0\u00bb text_orientation=\u00a0\u00bbjustified\u00a0\u00bb width=\u00a0\u00bb100%\u00a0\u00bb max_width=\u00a0\u00bb100%\u00a0\u00bb hover_enabled=\u00a0\u00bb0&Prime; text_font_size_tablet=\u00a0\u00bb15px\u00a0\u00bb text_font_size_phone=\u00a0\u00bb14px\u00a0\u00bb text_font_size_last_edited=\u00a0\u00bbon|phone\u00a0\u00bb header_2_font_size_tablet=\u00a0\u00bb42px\u00a0\u00bb header_2_font_size_phone=\u00a0\u00bb34px\u00a0\u00bb header_2_font_size_last_edited=\u00a0\u00bbon|tablet\u00a0\u00bb locked=\u00a0\u00bboff\u00a0\u00bb header_font=\u00a0\u00bbMontserrat|300|||||||\u00a0\u00bb header_text_color=\u00a0\u00bb#3b2e4c\u00a0\u00bb]<\/p>\n<h1 style=\"text-align: left;\">C\u2019est d\u2019abord l\u2019histoire d\u2019un petit g\u00e2teau rond moelleux et croustillant : le macaron<\/h1>\n<p>Arriver \u00e0 jouer entre l\u2019\u00e9quilibre de l\u2019acidit\u00e9, du sucr\u00e9 et de l\u2019amertume. Ou encore d\u2019innover gr\u00e2ce \u00e0 des cr\u00e9ations d\u00e9licates autour de parfums plus traditionnels, le chocolat, la rose, la vanille pour faire \u00e9voluer la p\u00e2tisserie au go\u00fbt du jour. En terme de cr\u00e9ation p\u00e2tissi\u00e8re, seuls les souvenirs d\u2019enfance gourmande sont source d\u2019inspiration.<\/p>\n<p>[\/et_pb_text][\/et_pb_column][et_pb_column type=\u00a0\u00bb1_2&Prime; _builder_version=\u00a0\u00bb4.3.4&Prime;][et_pb_text _builder_version=\u00a0\u00bb4.4.1&Prime; text_font=\u00a0\u00bbMontserrat|300|||||||\u00a0\u00bb text_text_color=\u00a0\u00bb#3b2e4c\u00a0\u00bb text_font_size=\u00a0\u00bb16px\u00a0\u00bb header_2_font=\u00a0\u00bbChampagne et Limousines||||||||\u00a0\u00bb header_2_text_align=\u00a0\u00bbleft\u00a0\u00bb header_2_text_color=\u00a0\u00bb#3b2e4C\u00a0\u00bb header_2_font_size=\u00a0\u00bb48px\u00a0\u00bb text_orientation=\u00a0\u00bbjustified\u00a0\u00bb width=\u00a0\u00bb100%\u00a0\u00bb max_width=\u00a0\u00bb100%\u00a0\u00bb custom_margin=\u00a0\u00bb|||-1px|false|false\u00a0\u00bb custom_margin_tablet=\u00a0\u00bb|||0px|false|false\u00a0\u00bb custom_margin_phone=\u00a0\u00bb\u00a0\u00bb custom_margin_last_edited=\u00a0\u00bbon|phone\u00a0\u00bb text_font_size_tablet=\u00a0\u00bb15px\u00a0\u00bb text_font_size_phone=\u00a0\u00bb14px\u00a0\u00bb text_font_size_last_edited=\u00a0\u00bbon|phone\u00a0\u00bb header_2_font_size_tablet=\u00a0\u00bb42px\u00a0\u00bb header_2_font_size_phone=\u00a0\u00bb34px\u00a0\u00bb header_2_font_size_last_edited=\u00a0\u00bbon|tablet\u00a0\u00bb locked=\u00a0\u00bboff\u00a0\u00bb]<\/p>\n<p>Une philosophie, entre raison et sentiments, qui s\u2019applique \u00e0 toutes les cr\u00e9ations phares avec les diff\u00e9rents parfums de macaron D\u00e8s l\u2019origine, l\u2019id\u00e9e est de rester toujours tr\u00e8s proche des femmes et des enfants, de travailler les couleurs attractives, aussi bien visuelles que gustatives, de rester proche des tendances. En p\u00e2tisserie, tout se d\u00e9vore d\u2019abord avec les yeux. On vient chez Les macarons de Sophie pour d\u00e9couvrir des macarons aussi bien sucr\u00e9s que sal\u00e9s, pour une palette picturale in\u00e9dite, des macarons confectionn\u00e9s avec des mati\u00e8res nobles et accessibles \u00e0 tous, pour des saveurs que l\u2019on ne trouve nulle part ailleurs, pour des ar\u00f4mes que l\u2019on aime \u00ab chiner \u00bb, tester, d\u00e9couvrir avec des yeux d\u2019enfants.<\/p>\n<p>[\/et_pb_text][\/et_pb_column][\/et_pb_row][\/et_pb_section]<\/p>\n","protected":false},"excerpt":{"rendered":"<p>[et_pb_section fb_built=\u00a0\u00bb1&Prime; admin_label=\u00a0\u00bbPost Body\u00a0\u00bb _builder_version=\u00a0\u00bb4.3.4&Prime; locked=\u00a0\u00bboff\u00a0\u00bb][et_pb_row _builder_version=\u00a0\u00bb4.3.4&Prime; locked=\u00a0\u00bboff\u00a0\u00bb][et_pb_column type=\u00a0\u00bb4_4&Prime; _builder_version=\u00a0\u00bb4.3.4&Prime;][et_pb_image src=\u00a0\u00bbhttps:\/\/www.sophie-bertrand.fr\/macarons\/wp-content\/uploads\/2020\/06\/titreHistoire.png\u00a0\u00bb align=\u00a0\u00bbcenter\u00a0\u00bb _builder_version=\u00a0\u00bb4.4.1&Prime; width=\u00a0\u00bb30%\u00a0\u00bb width_tablet=\u00a0\u00bb45%\u00a0\u00bb width_phone=\u00a0\u00bb65%\u00a0\u00bb width_last_edited=\u00a0\u00bbon|phone\u00a0\u00bb][\/et_pb_image][\/et_pb_column][\/et_pb_row][et_pb_row column_structure=\u00a0\u00bb1_2,1_2&Prime; _builder_version=\u00a0\u00bb4.4.1&Prime; width=\u00a0\u00bb100%\u00a0\u00bb width_tablet=\u00a0\u00bb80%\u00a0\u00bb width_phone=\u00a0\u00bb\u00a0\u00bb width_last_edited=\u00a0\u00bbon|phone\u00a0\u00bb max_width=\u00a0\u00bb1215px\u00a0\u00bb locked=\u00a0\u00bboff\u00a0\u00bb][et_pb_column type=\u00a0\u00bb1_2&Prime; _builder_version=\u00a0\u00bb4.3.4&Prime;][et_pb_image src=\u00a0\u00bbhttps:\/\/www.sophie-bertrand.fr\/macarons\/wp-content\/uploads\/2020\/05\/michael-parulava-oiHXEGyAkwQ-unsplash-copie.jpg\u00a0\u00bb _builder_version=\u00a0\u00bb4.4.1&Prime; locked=\u00a0\u00bboff\u00a0\u00bb][\/et_pb_image][et_pb_divider show_divider=\u00a0\u00bboff\u00a0\u00bb disabled_on=\u00a0\u00bbon|on|off\u00a0\u00bb _builder_version=\u00a0\u00bb4.4.1&Prime; transform_translate_linked=\u00a0\u00bboff\u00a0\u00bb positioning=\u00a0\u00bbabsolute\u00a0\u00bb position_origin_a=\u00a0\u00bbcenter_left\u00a0\u00bb vertical_offset=\u00a0\u00bb204px\u00a0\u00bb horizontal_offset=\u00a0\u00bb-40px\u00a0\u00bb z_index=\u00a0\u00bb-1&Prime; vertical_offset_tablet=\u00a0\u00bb-4vw\u00a0\u00bb vertical_offset_phone=\u00a0\u00bb-6vw\u00a0\u00bb vertical_offset_last_edited=\u00a0\u00bboff|desktop\u00a0\u00bb horizontal_offset_tablet=\u00a0\u00bb-32px\u00a0\u00bb horizontal_offset_phone=\u00a0\u00bb-6vw\u00a0\u00bb horizontal_offset_last_edited=\u00a0\u00bbon|tablet\u00a0\u00bb width=\u00a0\u00bb70%\u00a0\u00bb width_tablet=\u00a0\u00bb68%\u00a0\u00bb width_phone=\u00a0\u00bb70%\u00a0\u00bb width_last_edited=\u00a0\u00bbon|phone\u00a0\u00bb height=\u00a0\u00bb50%\u00a0\u00bb height_tablet=\u00a0\u00bb50%\u00a0\u00bb height_phone=\u00a0\u00bb50%\u00a0\u00bb height_last_edited=\u00a0\u00bbon|tablet\u00a0\u00bb custom_margin=\u00a0\u00bb-145px|0px||0px|false|false\u00a0\u00bb custom_margin_tablet=\u00a0\u00bb-357px|||0px|false|false\u00a0\u00bb [&hellip;]<\/p>\n","protected":false},"author":1,"featured_media":0,"parent":0,"menu_order":0,"comment_status":"closed","ping_status":"closed","template":"","meta":{"_et_pb_use_builder":"on","_et_pb_old_content":"","_et_gb_content_width":"","footnotes":""},"class_list":["post-391","page","type-page","status-publish","hentry"],"yoast_head":"<!-- This site is optimized with the Yoast SEO plugin v20.5 - https:\/\/yoast.com\/wordpress\/plugins\/seo\/ -->\n<title>\u00c0 propos - Les macarons de Sophie<\/title>\n<meta name=\"robots\" content=\"index, follow, max-snippet:-1, max-image-preview:large, max-video-preview:-1\" \/>\n<link rel=\"canonical\" href=\"https:\/\/www.sophie-bertrand.fr\/macarons\/a-propos\/\" \/>\n<meta property=\"og:locale\" content=\"fr_FR\" \/>\n<meta property=\"og:type\" content=\"article\" \/>\n<meta property=\"og:title\" content=\"\u00c0 propos - Les macarons de Sophie\" \/>\n<meta property=\"og:description\" content=\"[et_pb_section fb_built=\u00a0\u00bb1&Prime; admin_label=\u00a0\u00bbPost Body\u00a0\u00bb _builder_version=\u00a0\u00bb4.3.4&Prime; locked=\u00a0\u00bboff\u00a0\u00bb][et_pb_row _builder_version=\u00a0\u00bb4.3.4&Prime; locked=\u00a0\u00bboff\u00a0\u00bb][et_pb_column type=\u00a0\u00bb4_4&Prime; _builder_version=\u00a0\u00bb4.3.4&Prime;][et_pb_image src=\u00a0\u00bbhttps:\/\/www.sophie-bertrand.fr\/macarons\/wp-content\/uploads\/2020\/06\/titreHistoire.png\u00a0\u00bb align=\u00a0\u00bbcenter\u00a0\u00bb _builder_version=\u00a0\u00bb4.4.1&Prime; width=\u00a0\u00bb30%\u00a0\u00bb width_tablet=\u00a0\u00bb45%\u00a0\u00bb width_phone=\u00a0\u00bb65%\u00a0\u00bb width_last_edited=\u00a0\u00bbon|phone\u00a0\u00bb][\/et_pb_image][\/et_pb_column][\/et_pb_row][et_pb_row column_structure=\u00a0\u00bb1_2,1_2&Prime; _builder_version=\u00a0\u00bb4.4.1&Prime; width=\u00a0\u00bb100%\u00a0\u00bb width_tablet=\u00a0\u00bb80%\u00a0\u00bb width_phone=\u00a0\u00bb\u00a0\u00bb width_last_edited=\u00a0\u00bbon|phone\u00a0\u00bb max_width=\u00a0\u00bb1215px\u00a0\u00bb locked=\u00a0\u00bboff\u00a0\u00bb][et_pb_column type=\u00a0\u00bb1_2&Prime; _builder_version=\u00a0\u00bb4.3.4&Prime;][et_pb_image src=\u00a0\u00bbhttps:\/\/www.sophie-bertrand.fr\/macarons\/wp-content\/uploads\/2020\/05\/michael-parulava-oiHXEGyAkwQ-unsplash-copie.jpg\u00a0\u00bb _builder_version=\u00a0\u00bb4.4.1&Prime; locked=\u00a0\u00bboff\u00a0\u00bb][\/et_pb_image][et_pb_divider show_divider=\u00a0\u00bboff\u00a0\u00bb disabled_on=\u00a0\u00bbon|on|off\u00a0\u00bb _builder_version=\u00a0\u00bb4.4.1&Prime; transform_translate_linked=\u00a0\u00bboff\u00a0\u00bb positioning=\u00a0\u00bbabsolute\u00a0\u00bb position_origin_a=\u00a0\u00bbcenter_left\u00a0\u00bb vertical_offset=\u00a0\u00bb204px\u00a0\u00bb horizontal_offset=\u00a0\u00bb-40px\u00a0\u00bb z_index=\u00a0\u00bb-1&Prime; vertical_offset_tablet=\u00a0\u00bb-4vw\u00a0\u00bb vertical_offset_phone=\u00a0\u00bb-6vw\u00a0\u00bb vertical_offset_last_edited=\u00a0\u00bboff|desktop\u00a0\u00bb horizontal_offset_tablet=\u00a0\u00bb-32px\u00a0\u00bb horizontal_offset_phone=\u00a0\u00bb-6vw\u00a0\u00bb horizontal_offset_last_edited=\u00a0\u00bbon|tablet\u00a0\u00bb width=\u00a0\u00bb70%\u00a0\u00bb width_tablet=\u00a0\u00bb68%\u00a0\u00bb width_phone=\u00a0\u00bb70%\u00a0\u00bb width_last_edited=\u00a0\u00bbon|phone\u00a0\u00bb height=\u00a0\u00bb50%\u00a0\u00bb height_tablet=\u00a0\u00bb50%\u00a0\u00bb height_phone=\u00a0\u00bb50%\u00a0\u00bb height_last_edited=\u00a0\u00bbon|tablet\u00a0\u00bb custom_margin=\u00a0\u00bb-145px|0px||0px|false|false\u00a0\u00bb custom_margin_tablet=\u00a0\u00bb-357px|||0px|false|false\u00a0\u00bb [&hellip;]\" \/>\n<meta property=\"og:url\" content=\"https:\/\/www.sophie-bertrand.fr\/macarons\/a-propos\/\" \/>\n<meta property=\"og:site_name\" content=\"Les macarons de Sophie\" \/>\n<meta property=\"article:modified_time\" content=\"2020-06-25T08:11:49+00:00\" \/>\n<meta name=\"twitter:card\" content=\"summary_large_image\" \/>\n<meta name=\"twitter:label1\" content=\"Dur\u00e9e de lecture estim\u00e9e\" \/>\n\t<meta name=\"twitter:data1\" content=\"6 minutes\" \/>\n<script type=\"application\/ld+json\" class=\"yoast-schema-graph\">{\"@context\":\"https:\/\/schema.org\",\"@graph\":[{\"@type\":\"WebPage\",\"@id\":\"https:\/\/www.sophie-bertrand.fr\/macarons\/a-propos\/\",\"url\":\"https:\/\/www.sophie-bertrand.fr\/macarons\/a-propos\/\",\"name\":\"\u00c0 propos - Les macarons de Sophie\",\"isPartOf\":{\"@id\":\"https:\/\/www.sophie-bertrand.fr\/macarons\/#website\"},\"datePublished\":\"2020-05-11T19:06:08+00:00\",\"dateModified\":\"2020-06-25T08:11:49+00:00\",\"breadcrumb\":{\"@id\":\"https:\/\/www.sophie-bertrand.fr\/macarons\/a-propos\/#breadcrumb\"},\"inLanguage\":\"fr-FR\",\"potentialAction\":[{\"@type\":\"ReadAction\",\"target\":[\"https:\/\/www.sophie-bertrand.fr\/macarons\/a-propos\/\"]}]},{\"@type\":\"BreadcrumbList\",\"@id\":\"https:\/\/www.sophie-bertrand.fr\/macarons\/a-propos\/#breadcrumb\",\"itemListElement\":[{\"@type\":\"ListItem\",\"position\":1,\"name\":\"Accueil\",\"item\":\"https:\/\/www.sophie-bertrand.fr\/macarons\/\"},{\"@type\":\"ListItem\",\"position\":2,\"name\":\"\u00c0 propos\"}]},{\"@type\":\"WebSite\",\"@id\":\"https:\/\/www.sophie-bertrand.fr\/macarons\/#website\",\"url\":\"https:\/\/www.sophie-bertrand.fr\/macarons\/\",\"name\":\"Les macarons de Sophie\",\"description\":\"Vente en ligne de macarons | Bordeaux\",\"potentialAction\":[{\"@type\":\"SearchAction\",\"target\":{\"@type\":\"EntryPoint\",\"urlTemplate\":\"https:\/\/www.sophie-bertrand.fr\/macarons\/?s={search_term_string}\"},\"query-input\":\"required name=search_term_string\"}],\"inLanguage\":\"fr-FR\"}]}<\/script>\n<!-- \/ Yoast SEO plugin. -->","yoast_head_json":{"title":"\u00c0 propos - Les macarons de Sophie","robots":{"index":"index","follow":"follow","max-snippet":"max-snippet:-1","max-image-preview":"max-image-preview:large","max-video-preview":"max-video-preview:-1"},"canonical":"https:\/\/www.sophie-bertrand.fr\/macarons\/a-propos\/","og_locale":"fr_FR","og_type":"article","og_title":"\u00c0 propos - Les macarons de Sophie","og_description":"[et_pb_section fb_built=\u00a0\u00bb1&Prime; admin_label=\u00a0\u00bbPost Body\u00a0\u00bb _builder_version=\u00a0\u00bb4.3.4&Prime; locked=\u00a0\u00bboff\u00a0\u00bb][et_pb_row _builder_version=\u00a0\u00bb4.3.4&Prime; locked=\u00a0\u00bboff\u00a0\u00bb][et_pb_column type=\u00a0\u00bb4_4&Prime; _builder_version=\u00a0\u00bb4.3.4&Prime;][et_pb_image src=\u00a0\u00bbhttps:\/\/www.sophie-bertrand.fr\/macarons\/wp-content\/uploads\/2020\/06\/titreHistoire.png\u00a0\u00bb align=\u00a0\u00bbcenter\u00a0\u00bb _builder_version=\u00a0\u00bb4.4.1&Prime; width=\u00a0\u00bb30%\u00a0\u00bb width_tablet=\u00a0\u00bb45%\u00a0\u00bb width_phone=\u00a0\u00bb65%\u00a0\u00bb width_last_edited=\u00a0\u00bbon|phone\u00a0\u00bb][\/et_pb_image][\/et_pb_column][\/et_pb_row][et_pb_row column_structure=\u00a0\u00bb1_2,1_2&Prime; _builder_version=\u00a0\u00bb4.4.1&Prime; width=\u00a0\u00bb100%\u00a0\u00bb width_tablet=\u00a0\u00bb80%\u00a0\u00bb width_phone=\u00a0\u00bb\u00a0\u00bb width_last_edited=\u00a0\u00bbon|phone\u00a0\u00bb max_width=\u00a0\u00bb1215px\u00a0\u00bb locked=\u00a0\u00bboff\u00a0\u00bb][et_pb_column type=\u00a0\u00bb1_2&Prime; _builder_version=\u00a0\u00bb4.3.4&Prime;][et_pb_image src=\u00a0\u00bbhttps:\/\/www.sophie-bertrand.fr\/macarons\/wp-content\/uploads\/2020\/05\/michael-parulava-oiHXEGyAkwQ-unsplash-copie.jpg\u00a0\u00bb _builder_version=\u00a0\u00bb4.4.1&Prime; locked=\u00a0\u00bboff\u00a0\u00bb][\/et_pb_image][et_pb_divider show_divider=\u00a0\u00bboff\u00a0\u00bb disabled_on=\u00a0\u00bbon|on|off\u00a0\u00bb _builder_version=\u00a0\u00bb4.4.1&Prime; transform_translate_linked=\u00a0\u00bboff\u00a0\u00bb positioning=\u00a0\u00bbabsolute\u00a0\u00bb position_origin_a=\u00a0\u00bbcenter_left\u00a0\u00bb vertical_offset=\u00a0\u00bb204px\u00a0\u00bb horizontal_offset=\u00a0\u00bb-40px\u00a0\u00bb z_index=\u00a0\u00bb-1&Prime; vertical_offset_tablet=\u00a0\u00bb-4vw\u00a0\u00bb vertical_offset_phone=\u00a0\u00bb-6vw\u00a0\u00bb vertical_offset_last_edited=\u00a0\u00bboff|desktop\u00a0\u00bb horizontal_offset_tablet=\u00a0\u00bb-32px\u00a0\u00bb horizontal_offset_phone=\u00a0\u00bb-6vw\u00a0\u00bb horizontal_offset_last_edited=\u00a0\u00bbon|tablet\u00a0\u00bb width=\u00a0\u00bb70%\u00a0\u00bb width_tablet=\u00a0\u00bb68%\u00a0\u00bb width_phone=\u00a0\u00bb70%\u00a0\u00bb width_last_edited=\u00a0\u00bbon|phone\u00a0\u00bb height=\u00a0\u00bb50%\u00a0\u00bb height_tablet=\u00a0\u00bb50%\u00a0\u00bb height_phone=\u00a0\u00bb50%\u00a0\u00bb height_last_edited=\u00a0\u00bbon|tablet\u00a0\u00bb custom_margin=\u00a0\u00bb-145px|0px||0px|false|false\u00a0\u00bb custom_margin_tablet=\u00a0\u00bb-357px|||0px|false|false\u00a0\u00bb [&hellip;]","og_url":"https:\/\/www.sophie-bertrand.fr\/macarons\/a-propos\/","og_site_name":"Les macarons de Sophie","article_modified_time":"2020-06-25T08:11:49+00:00","twitter_card":"summary_large_image","twitter_misc":{"Dur\u00e9e de lecture estim\u00e9e":"6 minutes"},"schema":{"@context":"https:\/\/schema.org","@graph":[{"@type":"WebPage","@id":"https:\/\/www.sophie-bertrand.fr\/macarons\/a-propos\/","url":"https:\/\/www.sophie-bertrand.fr\/macarons\/a-propos\/","name":"\u00c0 propos - Les macarons de Sophie","isPartOf":{"@id":"https:\/\/www.sophie-bertrand.fr\/macarons\/#website"},"datePublished":"2020-05-11T19:06:08+00:00","dateModified":"2020-06-25T08:11:49+00:00","breadcrumb":{"@id":"https:\/\/www.sophie-bertrand.fr\/macarons\/a-propos\/#breadcrumb"},"inLanguage":"fr-FR","potentialAction":[{"@type":"ReadAction","target":["https:\/\/www.sophie-bertrand.fr\/macarons\/a-propos\/"]}]},{"@type":"BreadcrumbList","@id":"https:\/\/www.sophie-bertrand.fr\/macarons\/a-propos\/#breadcrumb","itemListElement":[{"@type":"ListItem","position":1,"name":"Accueil","item":"https:\/\/www.sophie-bertrand.fr\/macarons\/"},{"@type":"ListItem","position":2,"name":"\u00c0 propos"}]},{"@type":"WebSite","@id":"https:\/\/www.sophie-bertrand.fr\/macarons\/#website","url":"https:\/\/www.sophie-bertrand.fr\/macarons\/","name":"Les macarons de Sophie","description":"Vente en ligne de macarons | Bordeaux","potentialAction":[{"@type":"SearchAction","target":{"@type":"EntryPoint","urlTemplate":"https:\/\/www.sophie-bertrand.fr\/macarons\/?s={search_term_string}"},"query-input":"required name=search_term_string"}],"inLanguage":"fr-FR"}]}},"_links":{"self":[{"href":"https:\/\/www.sophie-bertrand.fr\/macarons\/wp-json\/wp\/v2\/pages\/391","targetHints":{"allow":["GET"]}}],"collection":[{"href":"https:\/\/www.sophie-bertrand.fr\/macarons\/wp-json\/wp\/v2\/pages"}],"about":[{"href":"https:\/\/www.sophie-bertrand.fr\/macarons\/wp-json\/wp\/v2\/types\/page"}],"author":[{"embeddable":true,"href":"https:\/\/www.sophie-bertrand.fr\/macarons\/wp-json\/wp\/v2\/users\/1"}],"replies":[{"embeddable":true,"href":"https:\/\/www.sophie-bertrand.fr\/macarons\/wp-json\/wp\/v2\/comments?post=391"}],"version-history":[{"count":36,"href":"https:\/\/www.sophie-bertrand.fr\/macarons\/wp-json\/wp\/v2\/pages\/391\/revisions"}],"predecessor-version":[{"id":1406,"href":"https:\/\/www.sophie-bertrand.fr\/macarons\/wp-json\/wp\/v2\/pages\/391\/revisions\/1406"}],"wp:attachment":[{"href":"https:\/\/www.sophie-bertrand.fr\/macarons\/wp-json\/wp\/v2\/media?parent=391"}],"curies":[{"name":"wp","href":"https:\/\/api.w.org\/{rel}","templated":true}]}}